{"id":186,"date":"2021-07-31T09:57:11","date_gmt":"2021-07-31T07:57:11","guid":{"rendered":"https:\/\/mondovitality.com\/?page_id=186"},"modified":"2022-09-01T10:30:17","modified_gmt":"2022-09-01T08:30:17","slug":"shipping-delivery","status":"publish","type":"page","link":"https:\/\/mondovitality.com\/de\/shipping-delivery\/","title":{"rendered":"Lieferbedingungen"},"content":{"rendered":"<p><strong>Lieferung und Versandkosten:<\/strong><\/p>\n\n\n\n<p>Alle Bestellungen werden per Standardversand versendet (Lieferzeit ca. 3 - 6 Tage je nach Zielort).<\/p>\n\n\n\n<p>Die Lieferkosten sind im Preis des Produkts enthalten.<\/p>\n\n\n\n<p><strong>Wir liefern in die folgenden L\u00e4nder:<\/strong><\/p>\n\n\n\n<p>Kostenloser Versand innerhalb der EU, nach Gro\u00dfbritannien, Lichtenstein, Norwegen und in die Schweiz.\u00a0<\/p>\n\n\n\n<p>Alle Versandzeiten sind ungef\u00e4hre Angaben, und wir k\u00f6nnen keine Verantwortung f\u00fcr Verz\u00f6gerungen \u00fcbernehmen, die durch Faktoren au\u00dferhalb unserer Einflussnahme verursacht werden.&nbsp;<\/p>","protected":false},"excerpt":{"rendered":"<p>Delivery and shipping costs: All purchases are sent by standard delivery (approximately 3 - 6 days depending upon destination). Delivery...<\/p>","protected":false},"author":2,"featured_media":0,"parent":0,"menu_order":0,"comment_status":"closed","ping_status":"closed","template":"","meta":{"_acf_changed":false,"footnotes":""},"class_list":["post-186","page","type-page","status-publish","hentry"],"acf":[],"yoast_head":"<!-- This site is optimized with the Yoast SEO Premium plugin v26.3 (Yoast SEO v27.3) - https:\/\/yoast.com\/product\/yoast-seo-premium-wordpress\/ -->\n<title>Shipping &amp; Delivery - Mondovitality<\/title>\n<meta name=\"robots\" content=\"index, follow, max-snippet:-1, max-image-preview:large, max-video-preview:-1\" \/>\n<link rel=\"canonical\" href=\"https:\/\/mondovitality.com\/de\/shipping-delivery\/\" \/>\n<meta property=\"og:locale\" content=\"de_DE\" \/>\n<meta property=\"og:type\" content=\"article\" \/>\n<meta property=\"og:title\" content=\"Shipping &amp; Delivery\" \/>\n<meta property=\"og:description\" content=\"Delivery and shipping costs: All purchases are sent by standard delivery (approximately 3 - 6 days depending upon destination). Delivery...\" \/>\n<meta property=\"og:url\" content=\"https:\/\/mondovitality.com\/de\/shipping-delivery\/\" \/>\n<meta property=\"og:site_name\" content=\"Mondovitality\" \/>\n<meta property=\"article:modified_time\" content=\"2022-09-01T08:30:17+00:00\" \/>\n<meta name=\"twitter:card\" content=\"summary_large_image\" \/>\n<meta name=\"twitter:label1\" content=\"Gesch\u00e4tzte Lesezeit\" \/>\n\t<meta name=\"twitter:data1\" content=\"1\u00a0Minute\" \/>\n<script type=\"application\/ld+json\" class=\"yoast-schema-graph\">{\"@context\":\"https:\\\/\\\/schema.org\",\"@graph\":[{\"@type\":\"WebPage\",\"@id\":\"https:\\\/\\\/mondovitality.com\\\/shipping-delivery\\\/\",\"url\":\"https:\\\/\\\/mondovitality.com\\\/shipping-delivery\\\/\",\"name\":\"Shipping & Delivery - Mondovitality\",\"isPartOf\":{\"@id\":\"https:\\\/\\\/mondovitality.com\\\/#website\"},\"datePublished\":\"2021-07-31T07:57:11+00:00\",\"dateModified\":\"2022-09-01T08:30:17+00:00\",\"breadcrumb\":{\"@id\":\"https:\\\/\\\/mondovitality.com\\\/shipping-delivery\\\/#breadcrumb\"},\"inLanguage\":\"de\",\"potentialAction\":[{\"@type\":\"ReadAction\",\"target\":[\"https:\\\/\\\/mondovitality.com\\\/shipping-delivery\\\/\"]}]},{\"@type\":\"BreadcrumbList\",\"@id\":\"https:\\\/\\\/mondovitality.com\\\/shipping-delivery\\\/#breadcrumb\",\"itemListElement\":[{\"@type\":\"ListItem\",\"position\":1,\"name\":\"Home\",\"item\":\"https:\\\/\\\/mondovitality.com\\\/\"},{\"@type\":\"ListItem\",\"position\":2,\"name\":\"Shipping &#038; Delivery\"}]},{\"@type\":\"WebSite\",\"@id\":\"https:\\\/\\\/mondovitality.com\\\/#website\",\"url\":\"https:\\\/\\\/mondovitality.com\\\/\",\"name\":\"Mondovitality\",\"description\":\"\",\"potentialAction\":[{\"@type\":\"SearchAction\",\"target\":{\"@type\":\"EntryPoint\",\"urlTemplate\":\"https:\\\/\\\/mondovitality.com\\\/?s={search_term_string}\"},\"query-input\":{\"@type\":\"PropertyValueSpecification\",\"valueRequired\":true,\"valueName\":\"search_term_string\"}}],\"inLanguage\":\"de\"}]}<\/script>\n<!-- \/ Yoast SEO Premium plugin. -->","yoast_head_json":{"title":"Lieferbedingungen - Mondovitality","robots":{"index":"index","follow":"follow","max-snippet":"max-snippet:-1","max-image-preview":"max-image-preview:large","max-video-preview":"max-video-preview:-1"},"canonical":"https:\/\/mondovitality.com\/de\/shipping-delivery\/","og_locale":"de_DE","og_type":"article","og_title":"Shipping & Delivery","og_description":"Delivery and shipping costs: All purchases are sent by standard delivery (approximately 3 - 6 days depending upon destination). Delivery...","og_url":"https:\/\/mondovitality.com\/de\/shipping-delivery\/","og_site_name":"Mondovitality","article_modified_time":"2022-09-01T08:30:17+00:00","twitter_card":"summary_large_image","twitter_misc":{"Gesch\u00e4tzte Lesezeit":"1\u00a0Minute"},"schema":{"@context":"https:\/\/schema.org","@graph":[{"@type":"WebPage","@id":"https:\/\/mondovitality.com\/shipping-delivery\/","url":"https:\/\/mondovitality.com\/shipping-delivery\/","name":"Lieferbedingungen - Mondovitality","isPartOf":{"@id":"https:\/\/mondovitality.com\/#website"},"datePublished":"2021-07-31T07:57:11+00:00","dateModified":"2022-09-01T08:30:17+00:00","breadcrumb":{"@id":"https:\/\/mondovitality.com\/shipping-delivery\/#breadcrumb"},"inLanguage":"de","potentialAction":[{"@type":"ReadAction","target":["https:\/\/mondovitality.com\/shipping-delivery\/"]}]},{"@type":"BreadcrumbList","@id":"https:\/\/mondovitality.com\/shipping-delivery\/#breadcrumb","itemListElement":[{"@type":"ListItem","position":1,"name":"Home","item":"https:\/\/mondovitality.com\/"},{"@type":"ListItem","position":2,"name":"Shipping &#038; Delivery"}]},{"@type":"WebSite","@id":"https:\/\/mondovitality.com\/#website","url":"https:\/\/mondovitality.com\/","name":"Mondovitality","description":"","potentialAction":[{"@type":"SearchAction","target":{"@type":"EntryPoint","urlTemplate":"https:\/\/mondovitality.com\/?s={search_term_string}"},"query-input":{"@type":"PropertyValueSpecification","valueRequired":true,"valueName":"search_term_string"}}],"inLanguage":"de"}]}},"_links":{"self":[{"href":"https:\/\/mondovitality.com\/de\/wp-json\/wp\/v2\/pages\/186","targetHints":{"allow":["GET"]}}],"collection":[{"href":"https:\/\/mondovitality.com\/de\/wp-json\/wp\/v2\/pages"}],"about":[{"href":"https:\/\/mondovitality.com\/de\/wp-json\/wp\/v2\/types\/page"}],"author":[{"embeddable":true,"href":"https:\/\/mondovitality.com\/de\/wp-json\/wp\/v2\/users\/2"}],"replies":[{"embeddable":true,"href":"https:\/\/mondovitality.com\/de\/wp-json\/wp\/v2\/comments?post=186"}],"version-history":[{"count":4,"href":"https:\/\/mondovitality.com\/de\/wp-json\/wp\/v2\/pages\/186\/revisions"}],"predecessor-version":[{"id":835,"href":"https:\/\/mondovitality.com\/de\/wp-json\/wp\/v2\/pages\/186\/revisions\/835"}],"wp:attachment":[{"href":"https:\/\/mondovitality.com\/de\/wp-json\/wp\/v2\/media?parent=186"}],"curies":[{"name":"wp","href":"https:\/\/api.w.org\/{rel}","templated":true}]}}