{"id":777,"date":"2022-07-11T13:56:56","date_gmt":"2022-07-11T11:56:56","guid":{"rendered":"https:\/\/mondovitality.com\/?page_id=777"},"modified":"2025-12-02T11:33:29","modified_gmt":"2025-12-02T10:33:29","slug":"fabrics","status":"publish","type":"page","link":"https:\/\/mondovitality.com\/de\/fabrics\/","title":{"rendered":"Stoffe"},"content":{"rendered":"<p>Unsere Leggings und Sport-BHs bestehen aus einem Hochleistungsmaterial, das nachhaltig und technologisch fortschrittlich ist. Damit verwandeln wir Nylonabfall in Mode. Das Material ist vielseitig, extrem widerstandsf\u00e4hig, d\u00fcnn, elegant, dehnbar, weich und atmungsaktiv. Es bietet eine einzigartige Mischung aus Muskelkompression und Komfort. Dank seiner innovativen Konstruktion ist es doppelt so widerstandsf\u00e4hig gegen Chlor sowie Sonnencremes und -\u00f6le wie die Stoffe anderer Hersteller. Es sorgt f\u00fcr perfekte Muskelunterst\u00fctzung, reduziert Muskelvibrationen und -belastungen und verbessert die sportliche Leistung.<\/p>\n\n\n\n<p>STOFFMERKMALE<\/p>\n\n\n\n<ul class=\"wp-block-list no-dot-list\">\n<li>Recycelte Garne<\/li>\n\n\n\n<li>Ultrachlorbest\u00e4ndig<\/li>\n\n\n\n<li>Widerstandsf\u00e4hig gegen Sonnencreme und -\u00d6l<\/li>\n\n\n\n<li>Kompressionstechnologie<\/li>\n\n\n\n<li>Formbest\u00e4ndigkeit<\/li>\n\n\n\n<li>UV-Schutz<\/li>\n\n\n\n<li>Voll abdeckend<\/li>\n\n\n\n<li>Ultraleicht<\/li>\n\n\n\n<li>Weich<\/li>\n\n\n\n<li>Bielastisch<\/li>\n\n\n\n<li>Pillingbest\u00e4ndig<\/li>\n\n\n\n<li>Perfekte Passform<\/li>\n\n\n\n<li>Zus\u00e4tzlicher Komfort<\/li>\n\n\n\n<li>Antibakteriell<\/li>\n\n\n\n<li>Hydrophil<\/li>\n\n\n\n<li>Wasserabweisend<\/li>\n<\/ul>\n\n\n\n<p><\/p>\n\n\n\n<p><\/p>","protected":false},"excerpt":{"rendered":"<p>Our leggings and sports bras are made of high-performance sustainable techno-fabric. It is made of regenerated nylon and helps turn...<\/p>","protected":false},"author":2,"featured_media":0,"parent":0,"menu_order":0,"comment_status":"closed","ping_status":"closed","template":"","meta":{"_acf_changed":false,"footnotes":""},"class_list":["post-777","page","type-page","status-publish","hentry"],"acf":[],"yoast_head":"<!-- This site is optimized with the Yoast SEO Premium plugin v26.3 (Yoast SEO v27.3) - https:\/\/yoast.com\/product\/yoast-seo-premium-wordpress\/ -->\n<title>Fabrics - Mondovitality<\/title>\n<meta name=\"robots\" content=\"index, follow, max-snippet:-1, max-image-preview:large, max-video-preview:-1\" \/>\n<link rel=\"canonical\" href=\"https:\/\/mondovitality.com\/de\/fabrics\/\" \/>\n<meta property=\"og:locale\" content=\"de_DE\" \/>\n<meta property=\"og:type\" content=\"article\" \/>\n<meta property=\"og:title\" content=\"Fabrics\" \/>\n<meta property=\"og:description\" content=\"Our leggings and sports bras are made of high-performance sustainable techno-fabric. It is made of regenerated nylon and helps turn...\" \/>\n<meta property=\"og:url\" content=\"https:\/\/mondovitality.com\/de\/fabrics\/\" \/>\n<meta property=\"og:site_name\" content=\"Mondovitality\" \/>\n<meta property=\"article:modified_time\" content=\"2025-12-02T10:33:29+00:00\" \/>\n<meta name=\"twitter:card\" content=\"summary_large_image\" \/>\n<meta name=\"twitter:label1\" content=\"Gesch\u00e4tzte Lesezeit\" \/>\n\t<meta name=\"twitter:data1\" content=\"1\u00a0Minute\" \/>\n<script type=\"application\/ld+json\" class=\"yoast-schema-graph\">{\"@context\":\"https:\\\/\\\/schema.org\",\"@graph\":[{\"@type\":\"WebPage\",\"@id\":\"https:\\\/\\\/mondovitality.com\\\/fabrics\\\/\",\"url\":\"https:\\\/\\\/mondovitality.com\\\/fabrics\\\/\",\"name\":\"Fabrics - Mondovitality\",\"isPartOf\":{\"@id\":\"https:\\\/\\\/mondovitality.com\\\/#website\"},\"datePublished\":\"2022-07-11T11:56:56+00:00\",\"dateModified\":\"2025-12-02T10:33:29+00:00\",\"breadcrumb\":{\"@id\":\"https:\\\/\\\/mondovitality.com\\\/fabrics\\\/#breadcrumb\"},\"inLanguage\":\"de\",\"potentialAction\":[{\"@type\":\"ReadAction\",\"target\":[\"https:\\\/\\\/mondovitality.com\\\/fabrics\\\/\"]}]},{\"@type\":\"BreadcrumbList\",\"@id\":\"https:\\\/\\\/mondovitality.com\\\/fabrics\\\/#breadcrumb\",\"itemListElement\":[{\"@type\":\"ListItem\",\"position\":1,\"name\":\"Home\",\"item\":\"https:\\\/\\\/mondovitality.com\\\/\"},{\"@type\":\"ListItem\",\"position\":2,\"name\":\"Fabrics\"}]},{\"@type\":\"WebSite\",\"@id\":\"https:\\\/\\\/mondovitality.com\\\/#website\",\"url\":\"https:\\\/\\\/mondovitality.com\\\/\",\"name\":\"Mondovitality\",\"description\":\"\",\"potentialAction\":[{\"@type\":\"SearchAction\",\"target\":{\"@type\":\"EntryPoint\",\"urlTemplate\":\"https:\\\/\\\/mondovitality.com\\\/?s={search_term_string}\"},\"query-input\":{\"@type\":\"PropertyValueSpecification\",\"valueRequired\":true,\"valueName\":\"search_term_string\"}}],\"inLanguage\":\"de\"}]}<\/script>\n<!-- \/ Yoast SEO Premium plugin. -->","yoast_head_json":{"title":"Fabrics - Mondovitality","robots":{"index":"index","follow":"follow","max-snippet":"max-snippet:-1","max-image-preview":"max-image-preview:large","max-video-preview":"max-video-preview:-1"},"canonical":"https:\/\/mondovitality.com\/de\/fabrics\/","og_locale":"de_DE","og_type":"article","og_title":"Fabrics","og_description":"Our leggings and sports bras are made of high-performance sustainable techno-fabric. It is made of regenerated nylon and helps turn...","og_url":"https:\/\/mondovitality.com\/de\/fabrics\/","og_site_name":"Mondovitality","article_modified_time":"2025-12-02T10:33:29+00:00","twitter_card":"summary_large_image","twitter_misc":{"Gesch\u00e4tzte Lesezeit":"1\u00a0Minute"},"schema":{"@context":"https:\/\/schema.org","@graph":[{"@type":"WebPage","@id":"https:\/\/mondovitality.com\/fabrics\/","url":"https:\/\/mondovitality.com\/fabrics\/","name":"Fabrics - Mondovitality","isPartOf":{"@id":"https:\/\/mondovitality.com\/#website"},"datePublished":"2022-07-11T11:56:56+00:00","dateModified":"2025-12-02T10:33:29+00:00","breadcrumb":{"@id":"https:\/\/mondovitality.com\/fabrics\/#breadcrumb"},"inLanguage":"de","potentialAction":[{"@type":"ReadAction","target":["https:\/\/mondovitality.com\/fabrics\/"]}]},{"@type":"BreadcrumbList","@id":"https:\/\/mondovitality.com\/fabrics\/#breadcrumb","itemListElement":[{"@type":"ListItem","position":1,"name":"Home","item":"https:\/\/mondovitality.com\/"},{"@type":"ListItem","position":2,"name":"Fabrics"}]},{"@type":"WebSite","@id":"https:\/\/mondovitality.com\/#website","url":"https:\/\/mondovitality.com\/","name":"Mondovitality","description":"","potentialAction":[{"@type":"SearchAction","target":{"@type":"EntryPoint","urlTemplate":"https:\/\/mondovitality.com\/?s={search_term_string}"},"query-input":{"@type":"PropertyValueSpecification","valueRequired":true,"valueName":"search_term_string"}}],"inLanguage":"de"}]}},"_links":{"self":[{"href":"https:\/\/mondovitality.com\/de\/wp-json\/wp\/v2\/pages\/777","targetHints":{"allow":["GET"]}}],"collection":[{"href":"https:\/\/mondovitality.com\/de\/wp-json\/wp\/v2\/pages"}],"about":[{"href":"https:\/\/mondovitality.com\/de\/wp-json\/wp\/v2\/types\/page"}],"author":[{"embeddable":true,"href":"https:\/\/mondovitality.com\/de\/wp-json\/wp\/v2\/users\/2"}],"replies":[{"embeddable":true,"href":"https:\/\/mondovitality.com\/de\/wp-json\/wp\/v2\/comments?post=777"}],"version-history":[{"count":10,"href":"https:\/\/mondovitality.com\/de\/wp-json\/wp\/v2\/pages\/777\/revisions"}],"predecessor-version":[{"id":1438,"href":"https:\/\/mondovitality.com\/de\/wp-json\/wp\/v2\/pages\/777\/revisions\/1438"}],"wp:attachment":[{"href":"https:\/\/mondovitality.com\/de\/wp-json\/wp\/v2\/media?parent=777"}],"curies":[{"name":"wp","href":"https:\/\/api.w.org\/{rel}","templated":true}]}}