{"id":317,"date":"2022-04-04T20:30:13","date_gmt":"2022-04-04T18:30:13","guid":{"rendered":"https:\/\/mondovitality.com\/?post_type=product&#038;p=317"},"modified":"2026-04-15T02:15:10","modified_gmt":"2026-04-15T00:15:10","slug":"sports-bra","status":"publish","type":"product","link":"https:\/\/mondovitality.com\/de\/produkt\/sports-bra\/","title":{"rendered":"Sport-BH"},"content":{"rendered":"<p><span style=\"font-weight: 400;\">This bra is made of super matt polyester ensuring extraordinary brightness of colours. Moreover, it is absolutely non see-through, guarantees a perfect fit and shapes the body without constraining it. The fabric is suitable for extreme conditions from mountain sports, such as cross-country skiing, to the beach and fitness activities including in the pool!. Indeed, it is not only resistant to chlorine, suntan creams and oils, but is also UV protective (UPF 50+).<\/span><\/p>","protected":false},"excerpt":{"rendered":"<p><span style=\"font-weight: 400;\">Dieser superbequeme, bedruckte Sport-BH mit elastischem Bund ist f\u00fcr leichte k\u00f6rperliche Aktivit\u00e4ten geeignet.<\/span><\/p>","protected":false},"featured_media":744,"comment_status":"open","ping_status":"closed","template":"","meta":{"_acf_changed":false},"product_brand":[],"product_cat":[39,37,21,46],"product_tag":[],"class_list":{"0":"post-317","1":"product","2":"type-product","3":"status-publish","4":"has-post-thumbnail","6":"product_cat-sports-bras","7":"product_cat-sportswear","8":"product_cat-trending","9":"product_cat-urban-jungle","11":"first","12":"instock","13":"taxable","14":"shipping-taxable","15":"purchasable","16":"product-type-variable","17":"has-default-attributes"},"acf":[],"yoast_head":"<!-- This site is optimized with the Yoast SEO Premium plugin v26.3 (Yoast SEO v27.3) - https:\/\/yoast.com\/product\/yoast-seo-premium-wordpress\/ -->\n<title>Sports Bra - Mondovitality<\/title>\n<meta name=\"robots\" content=\"index, follow, max-snippet:-1, max-image-preview:large, max-video-preview:-1\" \/>\n<link rel=\"canonical\" href=\"https:\/\/mondovitality.com\/de\/produkt\/sports-bra\/\" \/>\n<meta property=\"og:locale\" content=\"de_DE\" \/>\n<meta property=\"og:type\" content=\"article\" \/>\n<meta property=\"og:title\" content=\"Sports Bra\" \/>\n<meta property=\"og:description\" content=\"This super comfortable printed sports bra with an elastic waistband is designed for low-impact activities.\" \/>\n<meta property=\"og:url\" content=\"https:\/\/mondovitality.com\/de\/produkt\/sports-bra\/\" \/>\n<meta property=\"og:site_name\" content=\"Mondovitality\" \/>\n<meta property=\"article:modified_time\" content=\"2026-04-15T00:15:10+00:00\" \/>\n<meta property=\"og:image\" content=\"https:\/\/mondovitality.com\/wp-content\/uploads\/2022\/04\/WhatsApp-Image-2022-06-08-at-14.23.31.jpeg\" \/>\n\t<meta property=\"og:image:width\" content=\"800\" \/>\n\t<meta property=\"og:image:height\" content=\"1200\" \/>\n\t<meta property=\"og:image:type\" content=\"image\/jpeg\" \/>\n<meta name=\"twitter:card\" content=\"summary_large_image\" \/>\n<meta name=\"twitter:label1\" content=\"Availability\" \/>\n\t<meta name=\"twitter:data1\" content=\"In stock\" \/>\n<script type=\"application\/ld+json\" class=\"yoast-schema-graph\">{\"@context\":\"https:\\\/\\\/schema.org\",\"@graph\":[{\"@type\":\"WebPage\",\"@id\":\"https:\\\/\\\/mondovitality.com\\\/product\\\/sports-bra\\\/\",\"url\":\"https:\\\/\\\/mondovitality.com\\\/product\\\/sports-bra\\\/\",\"name\":\"Sports Bra - Mondovitality\",\"isPartOf\":{\"@id\":\"https:\\\/\\\/mondovitality.com\\\/#website\"},\"primaryImageOfPage\":{\"@id\":\"https:\\\/\\\/mondovitality.com\\\/product\\\/sports-bra\\\/#primaryimage\"},\"image\":{\"@id\":\"https:\\\/\\\/mondovitality.com\\\/product\\\/sports-bra\\\/#primaryimage\"},\"thumbnailUrl\":\"https:\\\/\\\/mondovitality.com\\\/wp-content\\\/uploads\\\/2022\\\/04\\\/WhatsApp-Image-2022-06-08-at-14.23.31.jpeg\",\"datePublished\":\"2022-04-04T18:30:13+00:00\",\"dateModified\":\"2026-04-15T00:15:10+00:00\",\"breadcrumb\":{\"@id\":\"https:\\\/\\\/mondovitality.com\\\/product\\\/sports-bra\\\/#breadcrumb\"},\"inLanguage\":\"de\",\"potentialAction\":[{\"@type\":\"ReadAction\",\"target\":[\"https:\\\/\\\/mondovitality.com\\\/product\\\/sports-bra\\\/\"]}]},{\"@type\":\"ImageObject\",\"inLanguage\":\"de\",\"@id\":\"https:\\\/\\\/mondovitality.com\\\/product\\\/sports-bra\\\/#primaryimage\",\"url\":\"https:\\\/\\\/mondovitality.com\\\/wp-content\\\/uploads\\\/2022\\\/04\\\/WhatsApp-Image-2022-06-08-at-14.23.31.jpeg\",\"contentUrl\":\"https:\\\/\\\/mondovitality.com\\\/wp-content\\\/uploads\\\/2022\\\/04\\\/WhatsApp-Image-2022-06-08-at-14.23.31.jpeg\",\"width\":800,\"height\":1200,\"caption\":\"Shadow grey Printed sports bra from polyester and elastane from the front\"},{\"@type\":\"BreadcrumbList\",\"@id\":\"https:\\\/\\\/mondovitality.com\\\/product\\\/sports-bra\\\/#breadcrumb\",\"itemListElement\":[{\"@type\":\"ListItem\",\"position\":1,\"name\":\"Home\",\"item\":\"https:\\\/\\\/mondovitality.com\\\/\"},{\"@type\":\"ListItem\",\"position\":2,\"name\":\"Shop\",\"item\":\"https:\\\/\\\/mondovitality.com\\\/shop\\\/\"},{\"@type\":\"ListItem\",\"position\":3,\"name\":\"Sportswear\",\"item\":\"https:\\\/\\\/mondovitality.com\\\/de\\\/category\\\/sportswear\\\/\"},{\"@type\":\"ListItem\",\"position\":4,\"name\":\"Sports Bra\"}]},{\"@type\":\"WebSite\",\"@id\":\"https:\\\/\\\/mondovitality.com\\\/#website\",\"url\":\"https:\\\/\\\/mondovitality.com\\\/\",\"name\":\"Mondovitality\",\"description\":\"\",\"potentialAction\":[{\"@type\":\"SearchAction\",\"target\":{\"@type\":\"EntryPoint\",\"urlTemplate\":\"https:\\\/\\\/mondovitality.com\\\/?s={search_term_string}\"},\"query-input\":{\"@type\":\"PropertyValueSpecification\",\"valueRequired\":true,\"valueName\":\"search_term_string\"}}],\"inLanguage\":\"de\"}]}<\/script>\n<meta property=\"og:availability\" content=\"instock\" \/>\n<meta property=\"product:availability\" content=\"instock\" \/>\n<meta property=\"product:retailer_item_id\" content=\"552316\" \/>\n<meta property=\"product:condition\" content=\"new\" \/>\n<!-- \/ Yoast SEO Premium plugin. -->","yoast_head_json":{"title":"Sports Bra - Mondovitality","robots":{"index":"index","follow":"follow","max-snippet":"max-snippet:-1","max-image-preview":"max-image-preview:large","max-video-preview":"max-video-preview:-1"},"canonical":"https:\/\/mondovitality.com\/de\/produkt\/sports-bra\/","og_locale":"de_DE","og_type":"article","og_title":"Sports Bra","og_description":"This super comfortable printed sports bra with an elastic waistband is designed for low-impact activities.","og_url":"https:\/\/mondovitality.com\/de\/produkt\/sports-bra\/","og_site_name":"Mondovitality","article_modified_time":"2026-04-15T00:15:10+00:00","og_image":[{"width":800,"height":1200,"url":"https:\/\/mondovitality.com\/wp-content\/uploads\/2022\/04\/WhatsApp-Image-2022-06-08-at-14.23.31.jpeg","type":"image\/jpeg"}],"twitter_card":"summary_large_image","twitter_misc":{"Availability":"In stock"},"schema":{"@context":"https:\/\/schema.org","@graph":[{"@type":"WebPage","@id":"https:\/\/mondovitality.com\/product\/sports-bra\/","url":"https:\/\/mondovitality.com\/product\/sports-bra\/","name":"Sports Bra - Mondovitality","isPartOf":{"@id":"https:\/\/mondovitality.com\/#website"},"primaryImageOfPage":{"@id":"https:\/\/mondovitality.com\/product\/sports-bra\/#primaryimage"},"image":{"@id":"https:\/\/mondovitality.com\/product\/sports-bra\/#primaryimage"},"thumbnailUrl":"https:\/\/mondovitality.com\/wp-content\/uploads\/2022\/04\/WhatsApp-Image-2022-06-08-at-14.23.31.jpeg","datePublished":"2022-04-04T18:30:13+00:00","dateModified":"2026-04-15T00:15:10+00:00","breadcrumb":{"@id":"https:\/\/mondovitality.com\/product\/sports-bra\/#breadcrumb"},"inLanguage":"de","potentialAction":[{"@type":"ReadAction","target":["https:\/\/mondovitality.com\/product\/sports-bra\/"]}]},{"@type":"ImageObject","inLanguage":"de","@id":"https:\/\/mondovitality.com\/product\/sports-bra\/#primaryimage","url":"https:\/\/mondovitality.com\/wp-content\/uploads\/2022\/04\/WhatsApp-Image-2022-06-08-at-14.23.31.jpeg","contentUrl":"https:\/\/mondovitality.com\/wp-content\/uploads\/2022\/04\/WhatsApp-Image-2022-06-08-at-14.23.31.jpeg","width":800,"height":1200,"caption":"Shadow grey Printed sports bra from polyester and elastane from the front"},{"@type":"BreadcrumbList","@id":"https:\/\/mondovitality.com\/product\/sports-bra\/#breadcrumb","itemListElement":[{"@type":"ListItem","position":1,"name":"Home","item":"https:\/\/mondovitality.com\/"},{"@type":"ListItem","position":2,"name":"Shop","item":"https:\/\/mondovitality.com\/shop\/"},{"@type":"ListItem","position":3,"name":"Sportswear","item":"https:\/\/mondovitality.com\/de\/category\/sportswear\/"},{"@type":"ListItem","position":4,"name":"Sports Bra"}]},{"@type":"WebSite","@id":"https:\/\/mondovitality.com\/#website","url":"https:\/\/mondovitality.com\/","name":"Mondovitality","description":"","potentialAction":[{"@type":"SearchAction","target":{"@type":"EntryPoint","urlTemplate":"https:\/\/mondovitality.com\/?s={search_term_string}"},"query-input":{"@type":"PropertyValueSpecification","valueRequired":true,"valueName":"search_term_string"}}],"inLanguage":"de"}]},"og_availability":"instock","product_availability":"instock","product_retailer_item_id":"552316","product_condition":"new"},"_links":{"self":[{"href":"https:\/\/mondovitality.com\/de\/wp-json\/wp\/v2\/product\/317","targetHints":{"allow":["GET"]}}],"collection":[{"href":"https:\/\/mondovitality.com\/de\/wp-json\/wp\/v2\/product"}],"about":[{"href":"https:\/\/mondovitality.com\/de\/wp-json\/wp\/v2\/types\/product"}],"replies":[{"embeddable":true,"href":"https:\/\/mondovitality.com\/de\/wp-json\/wp\/v2\/comments?post=317"}],"wp:featuredmedia":[{"embeddable":true,"href":"https:\/\/mondovitality.com\/de\/wp-json\/wp\/v2\/media\/744"}],"wp:attachment":[{"href":"https:\/\/mondovitality.com\/de\/wp-json\/wp\/v2\/media?parent=317"}],"wp:term":[{"taxonomy":"product_brand","embeddable":true,"href":"https:\/\/mondovitality.com\/de\/wp-json\/wp\/v2\/product_brand?post=317"},{"taxonomy":"product_cat","embeddable":true,"href":"https:\/\/mondovitality.com\/de\/wp-json\/wp\/v2\/product_cat?post=317"},{"taxonomy":"product_tag","embeddable":true,"href":"https:\/\/mondovitality.com\/de\/wp-json\/wp\/v2\/product_tag?post=317"}],"curies":[{"name":"wp","href":"https:\/\/api.w.org\/{rel}","templated":true}]}}