{"id":332,"date":"2022-04-04T20:56:01","date_gmt":"2022-04-04T18:56:01","guid":{"rendered":"https:\/\/mondovitality.com\/?post_type=product&#038;p=332"},"modified":"2026-04-15T02:15:10","modified_gmt":"2026-04-15T00:15:10","slug":"comfortable-leggings","status":"publish","type":"product","link":"https:\/\/mondovitality.com\/de\/produkt\/comfortable-leggings\/","title":{"rendered":"Bequeme Leggings"},"content":{"rendered":"<p><span style=\"font-weight: 400;\">Dieses ultramatte Polyestergewebe des italienischen Herstellers Carvico ist mit kr\u00e4ftigen Farben bedruckt und bietet m\u00fchelos Vier-Wege-Stretch f\u00fcr mehr Bewegungsfreiheit. Es ist schnell trocknend, schwei\u00dfableitend, hervorragend f\u00fcr die Muskelkontrolle und bietet au\u00dferdem hohen UV-Schutz (SPF50).<\/span><\/p>","protected":false},"excerpt":{"rendered":"<p><span style=\"font-weight: 400;\">Diese bequeme Leggings mit trendigem Print hat einen verstellbaren Kordelzug zur Bundverstellung. Verhindert jegliches Verrutschen und sitzt somit perfekt.\u00a0<\/span><\/p>","protected":false},"featured_media":338,"comment_status":"open","ping_status":"closed","template":"","meta":{"_acf_changed":false},"product_brand":[],"product_cat":[41,37,21,46],"product_tag":[],"class_list":{"0":"post-332","1":"product","2":"type-product","3":"status-publish","4":"has-post-thumbnail","6":"product_cat-leggings","7":"product_cat-sportswear","8":"product_cat-trending","9":"product_cat-urban-jungle","11":"first","12":"instock","13":"taxable","14":"shipping-taxable","15":"purchasable","16":"product-type-variable","17":"has-default-attributes"},"acf":[],"yoast_head":"<!-- This site is optimized with the Yoast SEO Premium plugin v26.3 (Yoast SEO v27.3) - https:\/\/yoast.com\/product\/yoast-seo-premium-wordpress\/ -->\n<title>Comfortable Leggings - Mondovitality<\/title>\n<meta name=\"robots\" content=\"index, follow, max-snippet:-1, max-image-preview:large, max-video-preview:-1\" \/>\n<link rel=\"canonical\" href=\"https:\/\/mondovitality.com\/de\/produkt\/comfortable-leggings\/\" \/>\n<meta property=\"og:locale\" content=\"de_DE\" \/>\n<meta property=\"og:type\" content=\"article\" \/>\n<meta property=\"og:title\" content=\"Comfortable Leggings\" \/>\n<meta property=\"og:description\" content=\"These comfortable leggings with a trendy print have an adjustable drawstring to adjust the waistband. Perfect for low-impact.\u00a0\" \/>\n<meta property=\"og:url\" content=\"https:\/\/mondovitality.com\/de\/produkt\/comfortable-leggings\/\" \/>\n<meta property=\"og:site_name\" content=\"Mondovitality\" \/>\n<meta property=\"article:modified_time\" content=\"2026-04-15T00:15:10+00:00\" \/>\n<meta property=\"og:image\" content=\"https:\/\/mondovitality.com\/wp-content\/uploads\/2022\/04\/1.Plus-size-leggings-olive-scaled.jpg\" \/>\n\t<meta property=\"og:image:width\" content=\"1707\" \/>\n\t<meta property=\"og:image:height\" content=\"2560\" \/>\n\t<meta property=\"og:image:type\" content=\"image\/jpeg\" \/>\n<meta name=\"twitter:card\" content=\"summary_large_image\" \/>\n<meta name=\"twitter:label1\" content=\"Availability\" \/>\n\t<meta name=\"twitter:data1\" content=\"In stock\" \/>\n<script type=\"application\/ld+json\" class=\"yoast-schema-graph\">{\"@context\":\"https:\\\/\\\/schema.org\",\"@graph\":[{\"@type\":\"WebPage\",\"@id\":\"https:\\\/\\\/mondovitality.com\\\/product\\\/comfortable-leggings\\\/\",\"url\":\"https:\\\/\\\/mondovitality.com\\\/product\\\/comfortable-leggings\\\/\",\"name\":\"Comfortable Leggings - Mondovitality\",\"isPartOf\":{\"@id\":\"https:\\\/\\\/mondovitality.com\\\/#website\"},\"primaryImageOfPage\":{\"@id\":\"https:\\\/\\\/mondovitality.com\\\/product\\\/comfortable-leggings\\\/#primaryimage\"},\"image\":{\"@id\":\"https:\\\/\\\/mondovitality.com\\\/product\\\/comfortable-leggings\\\/#primaryimage\"},\"thumbnailUrl\":\"https:\\\/\\\/mondovitality.com\\\/wp-content\\\/uploads\\\/2022\\\/04\\\/1.Plus-size-leggings-olive-scaled.jpg\",\"datePublished\":\"2022-04-04T18:56:01+00:00\",\"dateModified\":\"2026-04-15T00:15:10+00:00\",\"breadcrumb\":{\"@id\":\"https:\\\/\\\/mondovitality.com\\\/product\\\/comfortable-leggings\\\/#breadcrumb\"},\"inLanguage\":\"de\",\"potentialAction\":[{\"@type\":\"ReadAction\",\"target\":[\"https:\\\/\\\/mondovitality.com\\\/product\\\/comfortable-leggings\\\/\"]}]},{\"@type\":\"ImageObject\",\"inLanguage\":\"de\",\"@id\":\"https:\\\/\\\/mondovitality.com\\\/product\\\/comfortable-leggings\\\/#primaryimage\",\"url\":\"https:\\\/\\\/mondovitality.com\\\/wp-content\\\/uploads\\\/2022\\\/04\\\/1.Plus-size-leggings-olive-scaled.jpg\",\"contentUrl\":\"https:\\\/\\\/mondovitality.com\\\/wp-content\\\/uploads\\\/2022\\\/04\\\/1.Plus-size-leggings-olive-scaled.jpg\",\"width\":1707,\"height\":2560,\"caption\":\"Plus size Olive printed leggings from polyester from the front\"},{\"@type\":\"BreadcrumbList\",\"@id\":\"https:\\\/\\\/mondovitality.com\\\/product\\\/comfortable-leggings\\\/#breadcrumb\",\"itemListElement\":[{\"@type\":\"ListItem\",\"position\":1,\"name\":\"Home\",\"item\":\"https:\\\/\\\/mondovitality.com\\\/\"},{\"@type\":\"ListItem\",\"position\":2,\"name\":\"Shop\",\"item\":\"https:\\\/\\\/mondovitality.com\\\/shop\\\/\"},{\"@type\":\"ListItem\",\"position\":3,\"name\":\"Collections\",\"item\":\"https:\\\/\\\/mondovitality.com\\\/category\\\/collections\\\/\"},{\"@type\":\"ListItem\",\"position\":4,\"name\":\"Urban Jungle\",\"item\":\"https:\\\/\\\/mondovitality.com\\\/category\\\/collections\\\/urban-jungle\\\/\"},{\"@type\":\"ListItem\",\"position\":5,\"name\":\"Comfortable Leggings\"}]},{\"@type\":\"WebSite\",\"@id\":\"https:\\\/\\\/mondovitality.com\\\/#website\",\"url\":\"https:\\\/\\\/mondovitality.com\\\/\",\"name\":\"Mondovitality\",\"description\":\"\",\"potentialAction\":[{\"@type\":\"SearchAction\",\"target\":{\"@type\":\"EntryPoint\",\"urlTemplate\":\"https:\\\/\\\/mondovitality.com\\\/?s={search_term_string}\"},\"query-input\":{\"@type\":\"PropertyValueSpecification\",\"valueRequired\":true,\"valueName\":\"search_term_string\"}}],\"inLanguage\":\"de\"}]}<\/script>\n<meta property=\"og:availability\" content=\"instock\" \/>\n<meta property=\"product:availability\" content=\"instock\" \/>\n<meta property=\"product:condition\" content=\"new\" \/>\n<!-- \/ Yoast SEO Premium plugin. -->","yoast_head_json":{"title":"Comfortable Leggings - Mondovitality","robots":{"index":"index","follow":"follow","max-snippet":"max-snippet:-1","max-image-preview":"max-image-preview:large","max-video-preview":"max-video-preview:-1"},"canonical":"https:\/\/mondovitality.com\/de\/produkt\/comfortable-leggings\/","og_locale":"de_DE","og_type":"article","og_title":"Comfortable Leggings","og_description":"These comfortable leggings with a trendy print have an adjustable drawstring to adjust the waistband. Perfect for low-impact.\u00a0","og_url":"https:\/\/mondovitality.com\/de\/produkt\/comfortable-leggings\/","og_site_name":"Mondovitality","article_modified_time":"2026-04-15T00:15:10+00:00","og_image":[{"width":1707,"height":2560,"url":"https:\/\/mondovitality.com\/wp-content\/uploads\/2022\/04\/1.Plus-size-leggings-olive-scaled.jpg","type":"image\/jpeg"}],"twitter_card":"summary_large_image","twitter_misc":{"Availability":"In stock"},"schema":{"@context":"https:\/\/schema.org","@graph":[{"@type":"WebPage","@id":"https:\/\/mondovitality.com\/product\/comfortable-leggings\/","url":"https:\/\/mondovitality.com\/product\/comfortable-leggings\/","name":"Comfortable Leggings - Mondovitality","isPartOf":{"@id":"https:\/\/mondovitality.com\/#website"},"primaryImageOfPage":{"@id":"https:\/\/mondovitality.com\/product\/comfortable-leggings\/#primaryimage"},"image":{"@id":"https:\/\/mondovitality.com\/product\/comfortable-leggings\/#primaryimage"},"thumbnailUrl":"https:\/\/mondovitality.com\/wp-content\/uploads\/2022\/04\/1.Plus-size-leggings-olive-scaled.jpg","datePublished":"2022-04-04T18:56:01+00:00","dateModified":"2026-04-15T00:15:10+00:00","breadcrumb":{"@id":"https:\/\/mondovitality.com\/product\/comfortable-leggings\/#breadcrumb"},"inLanguage":"de","potentialAction":[{"@type":"ReadAction","target":["https:\/\/mondovitality.com\/product\/comfortable-leggings\/"]}]},{"@type":"ImageObject","inLanguage":"de","@id":"https:\/\/mondovitality.com\/product\/comfortable-leggings\/#primaryimage","url":"https:\/\/mondovitality.com\/wp-content\/uploads\/2022\/04\/1.Plus-size-leggings-olive-scaled.jpg","contentUrl":"https:\/\/mondovitality.com\/wp-content\/uploads\/2022\/04\/1.Plus-size-leggings-olive-scaled.jpg","width":1707,"height":2560,"caption":"Plus size Olive printed leggings from polyester from the front"},{"@type":"BreadcrumbList","@id":"https:\/\/mondovitality.com\/product\/comfortable-leggings\/#breadcrumb","itemListElement":[{"@type":"ListItem","position":1,"name":"Home","item":"https:\/\/mondovitality.com\/"},{"@type":"ListItem","position":2,"name":"Shop","item":"https:\/\/mondovitality.com\/shop\/"},{"@type":"ListItem","position":3,"name":"Collections","item":"https:\/\/mondovitality.com\/category\/collections\/"},{"@type":"ListItem","position":4,"name":"Urban Jungle","item":"https:\/\/mondovitality.com\/category\/collections\/urban-jungle\/"},{"@type":"ListItem","position":5,"name":"Comfortable Leggings"}]},{"@type":"WebSite","@id":"https:\/\/mondovitality.com\/#website","url":"https:\/\/mondovitality.com\/","name":"Mondovitality","description":"","potentialAction":[{"@type":"SearchAction","target":{"@type":"EntryPoint","urlTemplate":"https:\/\/mondovitality.com\/?s={search_term_string}"},"query-input":{"@type":"PropertyValueSpecification","valueRequired":true,"valueName":"search_term_string"}}],"inLanguage":"de"}]},"og_availability":"instock","product_availability":"instock","product_condition":"new"},"_links":{"self":[{"href":"https:\/\/mondovitality.com\/de\/wp-json\/wp\/v2\/product\/332","targetHints":{"allow":["GET"]}}],"collection":[{"href":"https:\/\/mondovitality.com\/de\/wp-json\/wp\/v2\/product"}],"about":[{"href":"https:\/\/mondovitality.com\/de\/wp-json\/wp\/v2\/types\/product"}],"replies":[{"embeddable":true,"href":"https:\/\/mondovitality.com\/de\/wp-json\/wp\/v2\/comments?post=332"}],"wp:featuredmedia":[{"embeddable":true,"href":"https:\/\/mondovitality.com\/de\/wp-json\/wp\/v2\/media\/338"}],"wp:attachment":[{"href":"https:\/\/mondovitality.com\/de\/wp-json\/wp\/v2\/media?parent=332"}],"wp:term":[{"taxonomy":"product_brand","embeddable":true,"href":"https:\/\/mondovitality.com\/de\/wp-json\/wp\/v2\/product_brand?post=332"},{"taxonomy":"product_cat","embeddable":true,"href":"https:\/\/mondovitality.com\/de\/wp-json\/wp\/v2\/product_cat?post=332"},{"taxonomy":"product_tag","embeddable":true,"href":"https:\/\/mondovitality.com\/de\/wp-json\/wp\/v2\/product_tag?post=332"}],"curies":[{"name":"wp","href":"https:\/\/api.w.org\/{rel}","templated":true}]}}