{"id":448,"date":"2022-06-02T15:14:07","date_gmt":"2022-06-02T13:14:07","guid":{"rendered":"https:\/\/mondovitality.com\/?post_type=product&#038;p=448"},"modified":"2026-04-17T10:15:09","modified_gmt":"2026-04-17T08:15:09","slug":"comfortable-joggers","status":"publish","type":"product","link":"https:\/\/mondovitality.com\/de\/produkt\/comfortable-joggers\/","title":{"rendered":"Bequeme Joggers"},"content":{"rendered":"<p><span style=\"font-weight: 400;\">French Terry ist ein Mischgewebe mit Schlaufen auf der einen Seite und weichen aufgerauten Schlaufenstruktur auf der Innenseite. Diese verleihen der Kleidung eine erh\u00f6hte Strapazierf\u00e4higkeit, die Feuchtigkeit ableiten und dich k\u00fchl halten. Jogginghosen aus diesem Stoff eignen sich hervorragend zum Entspannen oder zum \u00dcberziehen \u00fcber deine Trainingskleidung, wenn du ins Fitnessstudio gehst. <\/span><\/p>","protected":false},"excerpt":{"rendered":"<p><span style=\"font-weight: 400;\">Diese Jogginghose hat einen elastischen Bund mit praktischem Kordelzug, der innen oder au\u00dfen getragen werden kann, um einen flachen Taillenbund zu gew\u00e4hrleisten. Die klassische Passform sitzt locker und bequem. Die kn\u00f6chellange L\u00e4nge und der Kn\u00f6chelbund machen die Joggers zu einem echten Hingucker.<\/span><\/p>","protected":false},"featured_media":456,"comment_status":"open","ping_status":"closed","template":"","meta":{"_acf_changed":false},"product_brand":[],"product_cat":[42,38,46],"product_tag":[],"class_list":{"0":"post-448","1":"product","2":"type-product","3":"status-publish","4":"has-post-thumbnail","6":"product_cat-joggers","7":"product_cat-loungewear","8":"product_cat-urban-jungle","10":"first","11":"instock","12":"taxable","13":"shipping-taxable","14":"purchasable","15":"product-type-variable","16":"has-default-attributes"},"acf":[],"yoast_head":"<!-- This site is optimized with the Yoast SEO Premium plugin v26.3 (Yoast SEO v27.4) - https:\/\/yoast.com\/product\/yoast-seo-premium-wordpress\/ -->\n<title>Comfortable Joggers - Mondovitality<\/title>\n<meta name=\"robots\" content=\"index, follow, max-snippet:-1, max-image-preview:large, max-video-preview:-1\" \/>\n<link rel=\"canonical\" href=\"https:\/\/mondovitality.com\/de\/produkt\/comfortable-joggers\/\" \/>\n<meta property=\"og:locale\" content=\"de_DE\" \/>\n<meta property=\"og:type\" content=\"article\" \/>\n<meta property=\"og:title\" content=\"Comfortable Joggers\" \/>\n<meta property=\"og:description\" content=\"These joggers have a drawcord which can be worn inside or outside for a flat waistband. Our classic fit floats away from the body and is full length intended to sit at the ankle.\" \/>\n<meta property=\"og:url\" content=\"https:\/\/mondovitality.com\/de\/produkt\/comfortable-joggers\/\" \/>\n<meta property=\"og:site_name\" content=\"Mondovitality\" \/>\n<meta property=\"article:modified_time\" content=\"2026-04-17T08:15:09+00:00\" \/>\n<meta property=\"og:image\" content=\"https:\/\/mondovitality.com\/wp-content\/uploads\/2022\/06\/1.Plus-size-joggers-black.jpg\" \/>\n\t<meta property=\"og:image:width\" content=\"686\" \/>\n\t<meta property=\"og:image:height\" content=\"1028\" \/>\n\t<meta property=\"og:image:type\" content=\"image\/jpeg\" \/>\n<meta name=\"twitter:card\" content=\"summary_large_image\" \/>\n<meta name=\"twitter:label1\" content=\"Availability\" \/>\n\t<meta name=\"twitter:data1\" content=\"In stock\" \/>\n<script type=\"application\/ld+json\" class=\"yoast-schema-graph\">{\"@context\":\"https:\\\/\\\/schema.org\",\"@graph\":[{\"@type\":\"WebPage\",\"@id\":\"https:\\\/\\\/mondovitality.com\\\/product\\\/comfortable-joggers\\\/\",\"url\":\"https:\\\/\\\/mondovitality.com\\\/product\\\/comfortable-joggers\\\/\",\"name\":\"Comfortable Joggers - Mondovitality\",\"isPartOf\":{\"@id\":\"https:\\\/\\\/mondovitality.com\\\/#website\"},\"primaryImageOfPage\":{\"@id\":\"https:\\\/\\\/mondovitality.com\\\/product\\\/comfortable-joggers\\\/#primaryimage\"},\"image\":{\"@id\":\"https:\\\/\\\/mondovitality.com\\\/product\\\/comfortable-joggers\\\/#primaryimage\"},\"thumbnailUrl\":\"https:\\\/\\\/mondovitality.com\\\/wp-content\\\/uploads\\\/2022\\\/06\\\/1.Plus-size-joggers-black.jpg\",\"datePublished\":\"2022-06-02T13:14:07+00:00\",\"dateModified\":\"2026-04-17T08:15:09+00:00\",\"breadcrumb\":{\"@id\":\"https:\\\/\\\/mondovitality.com\\\/product\\\/comfortable-joggers\\\/#breadcrumb\"},\"inLanguage\":\"de\",\"potentialAction\":[{\"@type\":\"ReadAction\",\"target\":[\"https:\\\/\\\/mondovitality.com\\\/product\\\/comfortable-joggers\\\/\"]}]},{\"@type\":\"ImageObject\",\"inLanguage\":\"de\",\"@id\":\"https:\\\/\\\/mondovitality.com\\\/product\\\/comfortable-joggers\\\/#primaryimage\",\"url\":\"https:\\\/\\\/mondovitality.com\\\/wp-content\\\/uploads\\\/2022\\\/06\\\/1.Plus-size-joggers-black.jpg\",\"contentUrl\":\"https:\\\/\\\/mondovitality.com\\\/wp-content\\\/uploads\\\/2022\\\/06\\\/1.Plus-size-joggers-black.jpg\",\"width\":686,\"height\":1028,\"caption\":\"Plus size joggers from cotton blend in black colour from the front\"},{\"@type\":\"BreadcrumbList\",\"@id\":\"https:\\\/\\\/mondovitality.com\\\/product\\\/comfortable-joggers\\\/#breadcrumb\",\"itemListElement\":[{\"@type\":\"ListItem\",\"position\":1,\"name\":\"Home\",\"item\":\"https:\\\/\\\/mondovitality.com\\\/\"},{\"@type\":\"ListItem\",\"position\":2,\"name\":\"Shop\",\"item\":\"https:\\\/\\\/mondovitality.com\\\/shop\\\/\"},{\"@type\":\"ListItem\",\"position\":3,\"name\":\"Collections\",\"item\":\"https:\\\/\\\/mondovitality.com\\\/category\\\/collections\\\/\"},{\"@type\":\"ListItem\",\"position\":4,\"name\":\"Urban Jungle\",\"item\":\"https:\\\/\\\/mondovitality.com\\\/category\\\/collections\\\/urban-jungle\\\/\"},{\"@type\":\"ListItem\",\"position\":5,\"name\":\"Comfortable Joggers\"}]},{\"@type\":\"WebSite\",\"@id\":\"https:\\\/\\\/mondovitality.com\\\/#website\",\"url\":\"https:\\\/\\\/mondovitality.com\\\/\",\"name\":\"Mondovitality\",\"description\":\"\",\"potentialAction\":[{\"@type\":\"SearchAction\",\"target\":{\"@type\":\"EntryPoint\",\"urlTemplate\":\"https:\\\/\\\/mondovitality.com\\\/?s={search_term_string}\"},\"query-input\":{\"@type\":\"PropertyValueSpecification\",\"valueRequired\":true,\"valueName\":\"search_term_string\"}}],\"inLanguage\":\"de\"}]}<\/script>\n<meta property=\"og:availability\" content=\"instock\" \/>\n<meta property=\"product:availability\" content=\"instock\" \/>\n<meta property=\"product:condition\" content=\"new\" \/>\n<!-- \/ Yoast SEO Premium plugin. -->","yoast_head_json":{"title":"Comfortable Joggers - Mondovitality","robots":{"index":"index","follow":"follow","max-snippet":"max-snippet:-1","max-image-preview":"max-image-preview:large","max-video-preview":"max-video-preview:-1"},"canonical":"https:\/\/mondovitality.com\/de\/produkt\/comfortable-joggers\/","og_locale":"de_DE","og_type":"article","og_title":"Comfortable Joggers","og_description":"These joggers have a drawcord which can be worn inside or outside for a flat waistband. Our classic fit floats away from the body and is full length intended to sit at the ankle.","og_url":"https:\/\/mondovitality.com\/de\/produkt\/comfortable-joggers\/","og_site_name":"Mondovitality","article_modified_time":"2026-04-17T08:15:09+00:00","og_image":[{"width":686,"height":1028,"url":"https:\/\/mondovitality.com\/wp-content\/uploads\/2022\/06\/1.Plus-size-joggers-black.jpg","type":"image\/jpeg"}],"twitter_card":"summary_large_image","twitter_misc":{"Availability":"In stock"},"schema":{"@context":"https:\/\/schema.org","@graph":[{"@type":"WebPage","@id":"https:\/\/mondovitality.com\/product\/comfortable-joggers\/","url":"https:\/\/mondovitality.com\/product\/comfortable-joggers\/","name":"Comfortable Joggers - Mondovitality","isPartOf":{"@id":"https:\/\/mondovitality.com\/#website"},"primaryImageOfPage":{"@id":"https:\/\/mondovitality.com\/product\/comfortable-joggers\/#primaryimage"},"image":{"@id":"https:\/\/mondovitality.com\/product\/comfortable-joggers\/#primaryimage"},"thumbnailUrl":"https:\/\/mondovitality.com\/wp-content\/uploads\/2022\/06\/1.Plus-size-joggers-black.jpg","datePublished":"2022-06-02T13:14:07+00:00","dateModified":"2026-04-17T08:15:09+00:00","breadcrumb":{"@id":"https:\/\/mondovitality.com\/product\/comfortable-joggers\/#breadcrumb"},"inLanguage":"de","potentialAction":[{"@type":"ReadAction","target":["https:\/\/mondovitality.com\/product\/comfortable-joggers\/"]}]},{"@type":"ImageObject","inLanguage":"de","@id":"https:\/\/mondovitality.com\/product\/comfortable-joggers\/#primaryimage","url":"https:\/\/mondovitality.com\/wp-content\/uploads\/2022\/06\/1.Plus-size-joggers-black.jpg","contentUrl":"https:\/\/mondovitality.com\/wp-content\/uploads\/2022\/06\/1.Plus-size-joggers-black.jpg","width":686,"height":1028,"caption":"Plus size joggers from cotton blend in black colour from the front"},{"@type":"BreadcrumbList","@id":"https:\/\/mondovitality.com\/product\/comfortable-joggers\/#breadcrumb","itemListElement":[{"@type":"ListItem","position":1,"name":"Home","item":"https:\/\/mondovitality.com\/"},{"@type":"ListItem","position":2,"name":"Shop","item":"https:\/\/mondovitality.com\/shop\/"},{"@type":"ListItem","position":3,"name":"Collections","item":"https:\/\/mondovitality.com\/category\/collections\/"},{"@type":"ListItem","position":4,"name":"Urban Jungle","item":"https:\/\/mondovitality.com\/category\/collections\/urban-jungle\/"},{"@type":"ListItem","position":5,"name":"Comfortable Joggers"}]},{"@type":"WebSite","@id":"https:\/\/mondovitality.com\/#website","url":"https:\/\/mondovitality.com\/","name":"Mondovitality","description":"","potentialAction":[{"@type":"SearchAction","target":{"@type":"EntryPoint","urlTemplate":"https:\/\/mondovitality.com\/?s={search_term_string}"},"query-input":{"@type":"PropertyValueSpecification","valueRequired":true,"valueName":"search_term_string"}}],"inLanguage":"de"}]},"og_availability":"instock","product_availability":"instock","product_condition":"new"},"_links":{"self":[{"href":"https:\/\/mondovitality.com\/de\/wp-json\/wp\/v2\/product\/448","targetHints":{"allow":["GET"]}}],"collection":[{"href":"https:\/\/mondovitality.com\/de\/wp-json\/wp\/v2\/product"}],"about":[{"href":"https:\/\/mondovitality.com\/de\/wp-json\/wp\/v2\/types\/product"}],"replies":[{"embeddable":true,"href":"https:\/\/mondovitality.com\/de\/wp-json\/wp\/v2\/comments?post=448"}],"wp:featuredmedia":[{"embeddable":true,"href":"https:\/\/mondovitality.com\/de\/wp-json\/wp\/v2\/media\/456"}],"wp:attachment":[{"href":"https:\/\/mondovitality.com\/de\/wp-json\/wp\/v2\/media?parent=448"}],"wp:term":[{"taxonomy":"product_brand","embeddable":true,"href":"https:\/\/mondovitality.com\/de\/wp-json\/wp\/v2\/product_brand?post=448"},{"taxonomy":"product_cat","embeddable":true,"href":"https:\/\/mondovitality.com\/de\/wp-json\/wp\/v2\/product_cat?post=448"},{"taxonomy":"product_tag","embeddable":true,"href":"https:\/\/mondovitality.com\/de\/wp-json\/wp\/v2\/product_tag?post=448"}],"curies":[{"name":"wp","href":"https:\/\/api.w.org\/{rel}","templated":true}]}}