{"id":529,"date":"2022-06-02T16:29:16","date_gmt":"2022-06-02T14:29:16","guid":{"rendered":"https:\/\/mondovitality.com\/?post_type=product&#038;p=529"},"modified":"2026-05-08T14:15:09","modified_gmt":"2026-05-08T12:15:09","slug":"compression-sports-bra","status":"publish","type":"product","link":"https:\/\/mondovitality.com\/de\/produkt\/compression-sports-bra\/","title":{"rendered":"Kompressions-Sport-BH"},"content":{"rendered":"<p><span style=\"font-weight: 400;\">Das nachhaltige Technologie-Gewebe aus recyceltem ECONYL\u00ae-Nylon zeichnet sich durch eine hervorragende Erholungsf\u00e4higkeit und eine perfekte Muskelkompression aus, die die Produktion von Milchs\u00e4ure verringert und eine schnellere Energier\u00fcckgewinnung erm\u00f6glicht. Weich und angenehm auf der Haut, kompakt und atmungsaktiv, bietet es zus\u00e4tzlich einen hohen UV-Schutz (SPF 50+).<\/span><\/p>","protected":false},"excerpt":{"rendered":"<p><span style=\"font-weight: 400;\">Dieser Kompressions-Sport-BH mit seinem st\u00fctzenden, elastischen Bund und der perfekten Passform im Brustbereich eignet sich perfekt f\u00fcr ein anstrengendes Training.<\/span><\/p>","protected":false},"featured_media":568,"comment_status":"open","ping_status":"closed","template":"","meta":{"_acf_changed":false},"product_brand":[],"product_cat":[45,39,37],"product_tag":[],"class_list":{"0":"post-529","1":"product","2":"type-product","3":"status-publish","4":"has-post-thumbnail","6":"product_cat-gym-hard","7":"product_cat-sports-bras","8":"product_cat-sportswear","10":"first","11":"instock","12":"taxable","13":"shipping-taxable","14":"purchasable","15":"product-type-variable","16":"has-default-attributes"},"acf":[],"yoast_head":"<!-- This site is optimized with the Yoast SEO Premium plugin v26.3 (Yoast SEO v27.5) - https:\/\/yoast.com\/product\/yoast-seo-premium-wordpress\/ -->\n<title>Compression Sports Bra - Mondovitality<\/title>\n<meta name=\"robots\" content=\"index, follow, max-snippet:-1, max-image-preview:large, max-video-preview:-1\" \/>\n<link rel=\"canonical\" href=\"https:\/\/mondovitality.com\/de\/produkt\/compression-sports-bra\/\" \/>\n<meta property=\"og:locale\" content=\"de_DE\" \/>\n<meta property=\"og:type\" content=\"article\" \/>\n<meta property=\"og:title\" content=\"Compression Sports Bra\" \/>\n<meta property=\"og:description\" content=\"This compression sports bra with its supportive elastic band and perfect fit on the bust is perfect for high-impact training.\" \/>\n<meta property=\"og:url\" content=\"https:\/\/mondovitality.com\/de\/produkt\/compression-sports-bra\/\" \/>\n<meta property=\"og:site_name\" content=\"Mondovitality\" \/>\n<meta property=\"article:modified_time\" content=\"2026-05-08T12:15:09+00:00\" \/>\n<meta property=\"og:image\" content=\"https:\/\/mondovitality.com\/wp-content\/uploads\/2022\/06\/1.Plus-size-compression-sports-bra-turquoise.jpg\" \/>\n\t<meta property=\"og:image:width\" content=\"600\" \/>\n\t<meta property=\"og:image:height\" content=\"900\" \/>\n\t<meta property=\"og:image:type\" content=\"image\/jpeg\" \/>\n<meta name=\"twitter:card\" content=\"summary_large_image\" \/>\n<meta name=\"twitter:label1\" content=\"Availability\" \/>\n\t<meta name=\"twitter:data1\" content=\"In stock\" \/>\n<script type=\"application\/ld+json\" class=\"yoast-schema-graph\">{\"@context\":\"https:\\\/\\\/schema.org\",\"@graph\":[{\"@type\":\"WebPage\",\"@id\":\"https:\\\/\\\/mondovitality.com\\\/product\\\/compression-sports-bra\\\/\",\"url\":\"https:\\\/\\\/mondovitality.com\\\/product\\\/compression-sports-bra\\\/\",\"name\":\"Compression Sports Bra - Mondovitality\",\"isPartOf\":{\"@id\":\"https:\\\/\\\/mondovitality.com\\\/#website\"},\"primaryImageOfPage\":{\"@id\":\"https:\\\/\\\/mondovitality.com\\\/product\\\/compression-sports-bra\\\/#primaryimage\"},\"image\":{\"@id\":\"https:\\\/\\\/mondovitality.com\\\/product\\\/compression-sports-bra\\\/#primaryimage\"},\"thumbnailUrl\":\"https:\\\/\\\/mondovitality.com\\\/wp-content\\\/uploads\\\/2022\\\/06\\\/1.Plus-size-compression-sports-bra-turquoise.jpg\",\"datePublished\":\"2022-06-02T14:29:16+00:00\",\"dateModified\":\"2026-05-08T12:15:09+00:00\",\"breadcrumb\":{\"@id\":\"https:\\\/\\\/mondovitality.com\\\/product\\\/compression-sports-bra\\\/#breadcrumb\"},\"inLanguage\":\"de\",\"potentialAction\":[{\"@type\":\"ReadAction\",\"target\":[\"https:\\\/\\\/mondovitality.com\\\/product\\\/compression-sports-bra\\\/\"]}]},{\"@type\":\"ImageObject\",\"inLanguage\":\"de\",\"@id\":\"https:\\\/\\\/mondovitality.com\\\/product\\\/compression-sports-bra\\\/#primaryimage\",\"url\":\"https:\\\/\\\/mondovitality.com\\\/wp-content\\\/uploads\\\/2022\\\/06\\\/1.Plus-size-compression-sports-bra-turquoise.jpg\",\"contentUrl\":\"https:\\\/\\\/mondovitality.com\\\/wp-content\\\/uploads\\\/2022\\\/06\\\/1.Plus-size-compression-sports-bra-turquoise.jpg\",\"width\":600,\"height\":900,\"caption\":\"Plus size compression sports bra from recycled polyamide and elastane in turquoise colour from the front\"},{\"@type\":\"BreadcrumbList\",\"@id\":\"https:\\\/\\\/mondovitality.com\\\/product\\\/compression-sports-bra\\\/#breadcrumb\",\"itemListElement\":[{\"@type\":\"ListItem\",\"position\":1,\"name\":\"Home\",\"item\":\"https:\\\/\\\/mondovitality.com\\\/\"},{\"@type\":\"ListItem\",\"position\":2,\"name\":\"Shop\",\"item\":\"https:\\\/\\\/mondovitality.com\\\/shop\\\/\"},{\"@type\":\"ListItem\",\"position\":3,\"name\":\"Collections\",\"item\":\"https:\\\/\\\/mondovitality.com\\\/category\\\/collections\\\/\"},{\"@type\":\"ListItem\",\"position\":4,\"name\":\"Gym Hard\",\"item\":\"https:\\\/\\\/mondovitality.com\\\/de\\\/category\\\/collections\\\/gym-hard\\\/\"},{\"@type\":\"ListItem\",\"position\":5,\"name\":\"Compression Sports Bra\"}]},{\"@type\":\"WebSite\",\"@id\":\"https:\\\/\\\/mondovitality.com\\\/#website\",\"url\":\"https:\\\/\\\/mondovitality.com\\\/\",\"name\":\"Mondovitality\",\"description\":\"\",\"potentialAction\":[{\"@type\":\"SearchAction\",\"target\":{\"@type\":\"EntryPoint\",\"urlTemplate\":\"https:\\\/\\\/mondovitality.com\\\/?s={search_term_string}\"},\"query-input\":{\"@type\":\"PropertyValueSpecification\",\"valueRequired\":true,\"valueName\":\"search_term_string\"}}],\"inLanguage\":\"de\"}]}<\/script>\n<meta property=\"og:availability\" content=\"instock\" \/>\n<meta property=\"product:availability\" content=\"instock\" \/>\n<meta property=\"product:condition\" content=\"new\" \/>\n<!-- \/ Yoast SEO Premium plugin. -->","yoast_head_json":{"title":"Compression Sports Bra - Mondovitality","robots":{"index":"index","follow":"follow","max-snippet":"max-snippet:-1","max-image-preview":"max-image-preview:large","max-video-preview":"max-video-preview:-1"},"canonical":"https:\/\/mondovitality.com\/de\/produkt\/compression-sports-bra\/","og_locale":"de_DE","og_type":"article","og_title":"Compression Sports Bra","og_description":"This compression sports bra with its supportive elastic band and perfect fit on the bust is perfect for high-impact training.","og_url":"https:\/\/mondovitality.com\/de\/produkt\/compression-sports-bra\/","og_site_name":"Mondovitality","article_modified_time":"2026-05-08T12:15:09+00:00","og_image":[{"width":600,"height":900,"url":"https:\/\/mondovitality.com\/wp-content\/uploads\/2022\/06\/1.Plus-size-compression-sports-bra-turquoise.jpg","type":"image\/jpeg"}],"twitter_card":"summary_large_image","twitter_misc":{"Availability":"In stock"},"schema":{"@context":"https:\/\/schema.org","@graph":[{"@type":"WebPage","@id":"https:\/\/mondovitality.com\/product\/compression-sports-bra\/","url":"https:\/\/mondovitality.com\/product\/compression-sports-bra\/","name":"Compression Sports Bra - Mondovitality","isPartOf":{"@id":"https:\/\/mondovitality.com\/#website"},"primaryImageOfPage":{"@id":"https:\/\/mondovitality.com\/product\/compression-sports-bra\/#primaryimage"},"image":{"@id":"https:\/\/mondovitality.com\/product\/compression-sports-bra\/#primaryimage"},"thumbnailUrl":"https:\/\/mondovitality.com\/wp-content\/uploads\/2022\/06\/1.Plus-size-compression-sports-bra-turquoise.jpg","datePublished":"2022-06-02T14:29:16+00:00","dateModified":"2026-05-08T12:15:09+00:00","breadcrumb":{"@id":"https:\/\/mondovitality.com\/product\/compression-sports-bra\/#breadcrumb"},"inLanguage":"de","potentialAction":[{"@type":"ReadAction","target":["https:\/\/mondovitality.com\/product\/compression-sports-bra\/"]}]},{"@type":"ImageObject","inLanguage":"de","@id":"https:\/\/mondovitality.com\/product\/compression-sports-bra\/#primaryimage","url":"https:\/\/mondovitality.com\/wp-content\/uploads\/2022\/06\/1.Plus-size-compression-sports-bra-turquoise.jpg","contentUrl":"https:\/\/mondovitality.com\/wp-content\/uploads\/2022\/06\/1.Plus-size-compression-sports-bra-turquoise.jpg","width":600,"height":900,"caption":"Plus size compression sports bra from recycled polyamide and elastane in turquoise colour from the front"},{"@type":"BreadcrumbList","@id":"https:\/\/mondovitality.com\/product\/compression-sports-bra\/#breadcrumb","itemListElement":[{"@type":"ListItem","position":1,"name":"Home","item":"https:\/\/mondovitality.com\/"},{"@type":"ListItem","position":2,"name":"Shop","item":"https:\/\/mondovitality.com\/shop\/"},{"@type":"ListItem","position":3,"name":"Collections","item":"https:\/\/mondovitality.com\/category\/collections\/"},{"@type":"ListItem","position":4,"name":"Gym Hard","item":"https:\/\/mondovitality.com\/de\/category\/collections\/gym-hard\/"},{"@type":"ListItem","position":5,"name":"Compression Sports Bra"}]},{"@type":"WebSite","@id":"https:\/\/mondovitality.com\/#website","url":"https:\/\/mondovitality.com\/","name":"Mondovitality","description":"","potentialAction":[{"@type":"SearchAction","target":{"@type":"EntryPoint","urlTemplate":"https:\/\/mondovitality.com\/?s={search_term_string}"},"query-input":{"@type":"PropertyValueSpecification","valueRequired":true,"valueName":"search_term_string"}}],"inLanguage":"de"}]},"og_availability":"instock","product_availability":"instock","product_condition":"new"},"_links":{"self":[{"href":"https:\/\/mondovitality.com\/de\/wp-json\/wp\/v2\/product\/529","targetHints":{"allow":["GET"]}}],"collection":[{"href":"https:\/\/mondovitality.com\/de\/wp-json\/wp\/v2\/product"}],"about":[{"href":"https:\/\/mondovitality.com\/de\/wp-json\/wp\/v2\/types\/product"}],"replies":[{"embeddable":true,"href":"https:\/\/mondovitality.com\/de\/wp-json\/wp\/v2\/comments?post=529"}],"wp:featuredmedia":[{"embeddable":true,"href":"https:\/\/mondovitality.com\/de\/wp-json\/wp\/v2\/media\/568"}],"wp:attachment":[{"href":"https:\/\/mondovitality.com\/de\/wp-json\/wp\/v2\/media?parent=529"}],"wp:term":[{"taxonomy":"product_brand","embeddable":true,"href":"https:\/\/mondovitality.com\/de\/wp-json\/wp\/v2\/product_brand?post=529"},{"taxonomy":"product_cat","embeddable":true,"href":"https:\/\/mondovitality.com\/de\/wp-json\/wp\/v2\/product_cat?post=529"},{"taxonomy":"product_tag","embeddable":true,"href":"https:\/\/mondovitality.com\/de\/wp-json\/wp\/v2\/product_tag?post=529"}],"curies":[{"name":"wp","href":"https:\/\/api.w.org\/{rel}","templated":true}]}}