{"id":631,"date":"2022-06-02T16:46:23","date_gmt":"2022-06-02T14:46:23","guid":{"rendered":"https:\/\/mondovitality.com\/?post_type=product&#038;p=631"},"modified":"2026-04-17T10:15:10","modified_gmt":"2026-04-17T08:15:10","slug":"sports-bra-with-straps","status":"publish","type":"product","link":"https:\/\/mondovitality.com\/de\/produkt\/sports-bra-with-straps\/","title":{"rendered":"Sport-BH mit Tr\u00e4gern"},"content":{"rendered":"<p><span style=\"font-weight: 400;\">Das Aspen\u2122 Material des italienischen Herstellers Carvico besteht aus ultramattem Polyester, das f\u00fcr eine au\u00dfergew\u00f6hnliche Leuchtkraft der Farben sorgt. Au\u00dferdem ist es absolut blickdicht, garantiert eine perfekte Passform und schmiegt sich an den K\u00f6rper an, ohne zu beengen. Aspen\u2122 ist f\u00fcr extreme Bedingungen geeignet, von Bergsportarten wie Skilanglauf bis hin zu Strand- und Fitnessaktivit\u00e4ten, sogar auch f\u00fcrs Schwimmbad! Es ist nicht nur resistent gegen Chlor, Sonnencremes und -\u00d6le, sondern bietet auch einen hohen UV-Schutz (SPF 50+).<\/span><\/p>","protected":false},"excerpt":{"rendered":"<p><span style=\"font-weight: 400;\">Dieser superbequeme, bedruckte Sport-BH mit elastischem Bund und verstellbaren Tr\u00e4gern ist f\u00fcr leichte k\u00f6rperliche Aktivit\u00e4ten geeignet.<\/span><\/p>","protected":false},"featured_media":640,"comment_status":"open","ping_status":"closed","template":"","meta":{"_acf_changed":false},"product_brand":[],"product_cat":[39,37,46],"product_tag":[],"class_list":{"0":"post-631","1":"product","2":"type-product","3":"status-publish","4":"has-post-thumbnail","6":"product_cat-sports-bras","7":"product_cat-sportswear","8":"product_cat-urban-jungle","10":"first","11":"instock","12":"taxable","13":"shipping-taxable","14":"purchasable","15":"product-type-variable","16":"has-default-attributes"},"acf":[],"yoast_head":"<!-- This site is optimized with the Yoast SEO Premium plugin v26.3 (Yoast SEO v27.4) - https:\/\/yoast.com\/product\/yoast-seo-premium-wordpress\/ -->\n<title>Sports Bra with Straps - Mondovitality<\/title>\n<meta name=\"robots\" content=\"index, follow, max-snippet:-1, max-image-preview:large, max-video-preview:-1\" \/>\n<link rel=\"canonical\" href=\"https:\/\/mondovitality.com\/de\/produkt\/sports-bra-with-straps\/\" \/>\n<meta property=\"og:locale\" content=\"de_DE\" \/>\n<meta property=\"og:type\" content=\"article\" \/>\n<meta property=\"og:title\" content=\"Sports Bra with Straps\" \/>\n<meta property=\"og:description\" content=\"This super comfortable printed sports bra with an elastic waistband and adjustable straps is designed for low-impact activities.\" \/>\n<meta property=\"og:url\" content=\"https:\/\/mondovitality.com\/de\/produkt\/sports-bra-with-straps\/\" \/>\n<meta property=\"og:site_name\" content=\"Mondovitality\" \/>\n<meta property=\"article:modified_time\" content=\"2026-04-17T08:15:10+00:00\" \/>\n<meta property=\"og:image\" content=\"https:\/\/mondovitality.com\/wp-content\/uploads\/2022\/06\/1.Plus-size-Sports-Bra-Olive-1.jpg\" \/>\n\t<meta property=\"og:image:width\" content=\"777\" \/>\n\t<meta property=\"og:image:height\" content=\"1166\" \/>\n\t<meta property=\"og:image:type\" content=\"image\/jpeg\" \/>\n<meta name=\"twitter:card\" content=\"summary_large_image\" \/>\n<meta name=\"twitter:label1\" content=\"Availability\" \/>\n\t<meta name=\"twitter:data1\" content=\"In stock\" \/>\n<script type=\"application\/ld+json\" class=\"yoast-schema-graph\">{\"@context\":\"https:\\\/\\\/schema.org\",\"@graph\":[{\"@type\":\"WebPage\",\"@id\":\"https:\\\/\\\/mondovitality.com\\\/product\\\/sports-bra-with-straps\\\/\",\"url\":\"https:\\\/\\\/mondovitality.com\\\/product\\\/sports-bra-with-straps\\\/\",\"name\":\"Sports Bra with Straps - Mondovitality\",\"isPartOf\":{\"@id\":\"https:\\\/\\\/mondovitality.com\\\/#website\"},\"primaryImageOfPage\":{\"@id\":\"https:\\\/\\\/mondovitality.com\\\/product\\\/sports-bra-with-straps\\\/#primaryimage\"},\"image\":{\"@id\":\"https:\\\/\\\/mondovitality.com\\\/product\\\/sports-bra-with-straps\\\/#primaryimage\"},\"thumbnailUrl\":\"https:\\\/\\\/mondovitality.com\\\/wp-content\\\/uploads\\\/2022\\\/06\\\/1.Plus-size-Sports-Bra-Olive-1.jpg\",\"datePublished\":\"2022-06-02T14:46:23+00:00\",\"dateModified\":\"2026-04-17T08:15:10+00:00\",\"breadcrumb\":{\"@id\":\"https:\\\/\\\/mondovitality.com\\\/product\\\/sports-bra-with-straps\\\/#breadcrumb\"},\"inLanguage\":\"de\",\"potentialAction\":[{\"@type\":\"ReadAction\",\"target\":[\"https:\\\/\\\/mondovitality.com\\\/product\\\/sports-bra-with-straps\\\/\"]}]},{\"@type\":\"ImageObject\",\"inLanguage\":\"de\",\"@id\":\"https:\\\/\\\/mondovitality.com\\\/product\\\/sports-bra-with-straps\\\/#primaryimage\",\"url\":\"https:\\\/\\\/mondovitality.com\\\/wp-content\\\/uploads\\\/2022\\\/06\\\/1.Plus-size-Sports-Bra-Olive-1.jpg\",\"contentUrl\":\"https:\\\/\\\/mondovitality.com\\\/wp-content\\\/uploads\\\/2022\\\/06\\\/1.Plus-size-Sports-Bra-Olive-1.jpg\",\"width\":777,\"height\":1166,\"caption\":\"Oversize printed sports bra from polyester and elastane from the front\"},{\"@type\":\"BreadcrumbList\",\"@id\":\"https:\\\/\\\/mondovitality.com\\\/product\\\/sports-bra-with-straps\\\/#breadcrumb\",\"itemListElement\":[{\"@type\":\"ListItem\",\"position\":1,\"name\":\"Home\",\"item\":\"https:\\\/\\\/mondovitality.com\\\/\"},{\"@type\":\"ListItem\",\"position\":2,\"name\":\"Shop\",\"item\":\"https:\\\/\\\/mondovitality.com\\\/shop\\\/\"},{\"@type\":\"ListItem\",\"position\":3,\"name\":\"Collections\",\"item\":\"https:\\\/\\\/mondovitality.com\\\/category\\\/collections\\\/\"},{\"@type\":\"ListItem\",\"position\":4,\"name\":\"Urban Jungle\",\"item\":\"https:\\\/\\\/mondovitality.com\\\/category\\\/collections\\\/urban-jungle\\\/\"},{\"@type\":\"ListItem\",\"position\":5,\"name\":\"Sports Bra with Straps\"}]},{\"@type\":\"WebSite\",\"@id\":\"https:\\\/\\\/mondovitality.com\\\/#website\",\"url\":\"https:\\\/\\\/mondovitality.com\\\/\",\"name\":\"Mondovitality\",\"description\":\"\",\"potentialAction\":[{\"@type\":\"SearchAction\",\"target\":{\"@type\":\"EntryPoint\",\"urlTemplate\":\"https:\\\/\\\/mondovitality.com\\\/?s={search_term_string}\"},\"query-input\":{\"@type\":\"PropertyValueSpecification\",\"valueRequired\":true,\"valueName\":\"search_term_string\"}}],\"inLanguage\":\"de\"}]}<\/script>\n<meta property=\"og:availability\" content=\"instock\" \/>\n<meta property=\"product:availability\" content=\"instock\" \/>\n<meta property=\"product:condition\" content=\"new\" \/>\n<!-- \/ Yoast SEO Premium plugin. -->","yoast_head_json":{"title":"Sports Bra with Straps - Mondovitality","robots":{"index":"index","follow":"follow","max-snippet":"max-snippet:-1","max-image-preview":"max-image-preview:large","max-video-preview":"max-video-preview:-1"},"canonical":"https:\/\/mondovitality.com\/de\/produkt\/sports-bra-with-straps\/","og_locale":"de_DE","og_type":"article","og_title":"Sports Bra with Straps","og_description":"This super comfortable printed sports bra with an elastic waistband and adjustable straps is designed for low-impact activities.","og_url":"https:\/\/mondovitality.com\/de\/produkt\/sports-bra-with-straps\/","og_site_name":"Mondovitality","article_modified_time":"2026-04-17T08:15:10+00:00","og_image":[{"width":777,"height":1166,"url":"https:\/\/mondovitality.com\/wp-content\/uploads\/2022\/06\/1.Plus-size-Sports-Bra-Olive-1.jpg","type":"image\/jpeg"}],"twitter_card":"summary_large_image","twitter_misc":{"Availability":"In stock"},"schema":{"@context":"https:\/\/schema.org","@graph":[{"@type":"WebPage","@id":"https:\/\/mondovitality.com\/product\/sports-bra-with-straps\/","url":"https:\/\/mondovitality.com\/product\/sports-bra-with-straps\/","name":"Sports Bra with Straps - Mondovitality","isPartOf":{"@id":"https:\/\/mondovitality.com\/#website"},"primaryImageOfPage":{"@id":"https:\/\/mondovitality.com\/product\/sports-bra-with-straps\/#primaryimage"},"image":{"@id":"https:\/\/mondovitality.com\/product\/sports-bra-with-straps\/#primaryimage"},"thumbnailUrl":"https:\/\/mondovitality.com\/wp-content\/uploads\/2022\/06\/1.Plus-size-Sports-Bra-Olive-1.jpg","datePublished":"2022-06-02T14:46:23+00:00","dateModified":"2026-04-17T08:15:10+00:00","breadcrumb":{"@id":"https:\/\/mondovitality.com\/product\/sports-bra-with-straps\/#breadcrumb"},"inLanguage":"de","potentialAction":[{"@type":"ReadAction","target":["https:\/\/mondovitality.com\/product\/sports-bra-with-straps\/"]}]},{"@type":"ImageObject","inLanguage":"de","@id":"https:\/\/mondovitality.com\/product\/sports-bra-with-straps\/#primaryimage","url":"https:\/\/mondovitality.com\/wp-content\/uploads\/2022\/06\/1.Plus-size-Sports-Bra-Olive-1.jpg","contentUrl":"https:\/\/mondovitality.com\/wp-content\/uploads\/2022\/06\/1.Plus-size-Sports-Bra-Olive-1.jpg","width":777,"height":1166,"caption":"Oversize printed sports bra from polyester and elastane from the front"},{"@type":"BreadcrumbList","@id":"https:\/\/mondovitality.com\/product\/sports-bra-with-straps\/#breadcrumb","itemListElement":[{"@type":"ListItem","position":1,"name":"Home","item":"https:\/\/mondovitality.com\/"},{"@type":"ListItem","position":2,"name":"Shop","item":"https:\/\/mondovitality.com\/shop\/"},{"@type":"ListItem","position":3,"name":"Collections","item":"https:\/\/mondovitality.com\/category\/collections\/"},{"@type":"ListItem","position":4,"name":"Urban Jungle","item":"https:\/\/mondovitality.com\/category\/collections\/urban-jungle\/"},{"@type":"ListItem","position":5,"name":"Sports Bra with Straps"}]},{"@type":"WebSite","@id":"https:\/\/mondovitality.com\/#website","url":"https:\/\/mondovitality.com\/","name":"Mondovitality","description":"","potentialAction":[{"@type":"SearchAction","target":{"@type":"EntryPoint","urlTemplate":"https:\/\/mondovitality.com\/?s={search_term_string}"},"query-input":{"@type":"PropertyValueSpecification","valueRequired":true,"valueName":"search_term_string"}}],"inLanguage":"de"}]},"og_availability":"instock","product_availability":"instock","product_condition":"new"},"_links":{"self":[{"href":"https:\/\/mondovitality.com\/de\/wp-json\/wp\/v2\/product\/631","targetHints":{"allow":["GET"]}}],"collection":[{"href":"https:\/\/mondovitality.com\/de\/wp-json\/wp\/v2\/product"}],"about":[{"href":"https:\/\/mondovitality.com\/de\/wp-json\/wp\/v2\/types\/product"}],"replies":[{"embeddable":true,"href":"https:\/\/mondovitality.com\/de\/wp-json\/wp\/v2\/comments?post=631"}],"wp:featuredmedia":[{"embeddable":true,"href":"https:\/\/mondovitality.com\/de\/wp-json\/wp\/v2\/media\/640"}],"wp:attachment":[{"href":"https:\/\/mondovitality.com\/de\/wp-json\/wp\/v2\/media?parent=631"}],"wp:term":[{"taxonomy":"product_brand","embeddable":true,"href":"https:\/\/mondovitality.com\/de\/wp-json\/wp\/v2\/product_brand?post=631"},{"taxonomy":"product_cat","embeddable":true,"href":"https:\/\/mondovitality.com\/de\/wp-json\/wp\/v2\/product_cat?post=631"},{"taxonomy":"product_tag","embeddable":true,"href":"https:\/\/mondovitality.com\/de\/wp-json\/wp\/v2\/product_tag?post=631"}],"curies":[{"name":"wp","href":"https:\/\/api.w.org\/{rel}","templated":true}]}}