{"id":662,"date":"2022-06-02T17:03:44","date_gmt":"2022-06-02T15:03:44","guid":{"rendered":"https:\/\/mondovitality.com\/?post_type=product&#038;p=662"},"modified":"2026-04-03T22:15:10","modified_gmt":"2026-04-03T20:15:10","slug":"womens-soft-oversized-t-shirt","status":"publish","type":"product","link":"https:\/\/mondovitality.com\/de\/produkt\/womens-soft-oversized-t-shirt\/","title":{"rendered":"Damen T-Shirt in lockerer Passform"},"content":{"rendered":"","protected":false},"excerpt":{"rendered":"<p><span style=\"font-weight: 400;\">Dieses Oversize-T-Shirt aus 100% Baumwolle mit Seitenschlitzen sorgt f\u00fcr au\u00dferordentlichen Komfort und Bewegungsfreiheit. Tolle Passform f\u00fcrs Training, wo beengende Kleidung ein St\u00f6rfaktor ist.<\/span><\/p>","protected":false},"featured_media":680,"comment_status":"open","ping_status":"closed","template":"","meta":{"_acf_changed":false},"product_brand":[],"product_cat":[38,37,80,40],"product_tag":[],"class_list":{"0":"post-662","1":"product","2":"type-product","3":"status-publish","4":"has-post-thumbnail","6":"product_cat-loungewear","7":"product_cat-sportswear","8":"product_cat-t-shirts-loungewear","9":"product_cat-t-shirts","11":"first","12":"instock","13":"taxable","14":"shipping-taxable","15":"purchasable","16":"product-type-variable","17":"has-default-attributes"},"acf":[],"yoast_head":"<!-- This site is optimized with the Yoast SEO Premium plugin v26.3 (Yoast SEO v27.3) - https:\/\/yoast.com\/product\/yoast-seo-premium-wordpress\/ -->\n<title>Women\u2019s Soft Oversized T-Shirt - Mondovitality<\/title>\n<meta name=\"robots\" content=\"index, follow, max-snippet:-1, max-image-preview:large, max-video-preview:-1\" \/>\n<link rel=\"canonical\" href=\"https:\/\/mondovitality.com\/de\/produkt\/womens-soft-oversized-t-shirt\/\" \/>\n<meta property=\"og:locale\" content=\"de_DE\" \/>\n<meta property=\"og:type\" content=\"article\" \/>\n<meta property=\"og:title\" content=\"Women\u2019s Soft Oversized T-Shirt\" \/>\n<meta property=\"og:description\" content=\"This 100% cotton Oversize T-Shirt with side slits allows for exceptional comfort and moveability. Great fit for that workout where restrictive clothing is a hindrance.\" \/>\n<meta property=\"og:url\" content=\"https:\/\/mondovitality.com\/de\/produkt\/womens-soft-oversized-t-shirt\/\" \/>\n<meta property=\"og:site_name\" content=\"Mondovitality\" \/>\n<meta property=\"article:modified_time\" content=\"2026-04-03T20:15:10+00:00\" \/>\n<meta property=\"og:image\" content=\"https:\/\/mondovitality.com\/wp-content\/uploads\/2022\/06\/1.Soft-oversize-t-shirt-olive.jpg\" \/>\n\t<meta property=\"og:image:width\" content=\"600\" \/>\n\t<meta property=\"og:image:height\" content=\"900\" \/>\n\t<meta property=\"og:image:type\" content=\"image\/jpeg\" \/>\n<meta name=\"twitter:card\" content=\"summary_large_image\" \/>\n<meta name=\"twitter:label1\" content=\"Availability\" \/>\n\t<meta name=\"twitter:data1\" content=\"In stock\" \/>\n<script type=\"application\/ld+json\" class=\"yoast-schema-graph\">{\"@context\":\"https:\\\/\\\/schema.org\",\"@graph\":[{\"@type\":\"WebPage\",\"@id\":\"https:\\\/\\\/mondovitality.com\\\/product\\\/womens-soft-oversized-t-shirt\\\/\",\"url\":\"https:\\\/\\\/mondovitality.com\\\/product\\\/womens-soft-oversized-t-shirt\\\/\",\"name\":\"Women\u2019s Soft Oversized T-Shirt - Mondovitality\",\"isPartOf\":{\"@id\":\"https:\\\/\\\/mondovitality.com\\\/#website\"},\"primaryImageOfPage\":{\"@id\":\"https:\\\/\\\/mondovitality.com\\\/product\\\/womens-soft-oversized-t-shirt\\\/#primaryimage\"},\"image\":{\"@id\":\"https:\\\/\\\/mondovitality.com\\\/product\\\/womens-soft-oversized-t-shirt\\\/#primaryimage\"},\"thumbnailUrl\":\"https:\\\/\\\/mondovitality.com\\\/wp-content\\\/uploads\\\/2022\\\/06\\\/1.Soft-oversize-t-shirt-olive.jpg\",\"datePublished\":\"2022-06-02T15:03:44+00:00\",\"dateModified\":\"2026-04-03T20:15:10+00:00\",\"breadcrumb\":{\"@id\":\"https:\\\/\\\/mondovitality.com\\\/product\\\/womens-soft-oversized-t-shirt\\\/#breadcrumb\"},\"inLanguage\":\"de\",\"potentialAction\":[{\"@type\":\"ReadAction\",\"target\":[\"https:\\\/\\\/mondovitality.com\\\/product\\\/womens-soft-oversized-t-shirt\\\/\"]}]},{\"@type\":\"ImageObject\",\"inLanguage\":\"de\",\"@id\":\"https:\\\/\\\/mondovitality.com\\\/product\\\/womens-soft-oversized-t-shirt\\\/#primaryimage\",\"url\":\"https:\\\/\\\/mondovitality.com\\\/wp-content\\\/uploads\\\/2022\\\/06\\\/1.Soft-oversize-t-shirt-olive.jpg\",\"contentUrl\":\"https:\\\/\\\/mondovitality.com\\\/wp-content\\\/uploads\\\/2022\\\/06\\\/1.Soft-oversize-t-shirt-olive.jpg\",\"width\":600,\"height\":900},{\"@type\":\"BreadcrumbList\",\"@id\":\"https:\\\/\\\/mondovitality.com\\\/product\\\/womens-soft-oversized-t-shirt\\\/#breadcrumb\",\"itemListElement\":[{\"@type\":\"ListItem\",\"position\":1,\"name\":\"Home\",\"item\":\"https:\\\/\\\/mondovitality.com\\\/\"},{\"@type\":\"ListItem\",\"position\":2,\"name\":\"Shop\",\"item\":\"https:\\\/\\\/mondovitality.com\\\/shop\\\/\"},{\"@type\":\"ListItem\",\"position\":3,\"name\":\"Loungewear\",\"item\":\"https:\\\/\\\/mondovitality.com\\\/de\\\/category\\\/loungewear\\\/\"},{\"@type\":\"ListItem\",\"position\":4,\"name\":\"Women\u2019s Soft Oversized T-Shirt\"}]},{\"@type\":\"WebSite\",\"@id\":\"https:\\\/\\\/mondovitality.com\\\/#website\",\"url\":\"https:\\\/\\\/mondovitality.com\\\/\",\"name\":\"Mondovitality\",\"description\":\"\",\"potentialAction\":[{\"@type\":\"SearchAction\",\"target\":{\"@type\":\"EntryPoint\",\"urlTemplate\":\"https:\\\/\\\/mondovitality.com\\\/?s={search_term_string}\"},\"query-input\":{\"@type\":\"PropertyValueSpecification\",\"valueRequired\":true,\"valueName\":\"search_term_string\"}}],\"inLanguage\":\"de\"}]}<\/script>\n<meta property=\"og:availability\" content=\"instock\" \/>\n<meta property=\"product:availability\" content=\"instock\" \/>\n<meta property=\"product:condition\" content=\"new\" \/>\n<!-- \/ Yoast SEO Premium plugin. -->","yoast_head_json":{"title":"Women\u2019s Soft Oversized T-Shirt - Mondovitality","robots":{"index":"index","follow":"follow","max-snippet":"max-snippet:-1","max-image-preview":"max-image-preview:large","max-video-preview":"max-video-preview:-1"},"canonical":"https:\/\/mondovitality.com\/de\/produkt\/womens-soft-oversized-t-shirt\/","og_locale":"de_DE","og_type":"article","og_title":"Women\u2019s Soft Oversized T-Shirt","og_description":"This 100% cotton Oversize T-Shirt with side slits allows for exceptional comfort and moveability. Great fit for that workout where restrictive clothing is a hindrance.","og_url":"https:\/\/mondovitality.com\/de\/produkt\/womens-soft-oversized-t-shirt\/","og_site_name":"Mondovitality","article_modified_time":"2026-04-03T20:15:10+00:00","og_image":[{"width":600,"height":900,"url":"https:\/\/mondovitality.com\/wp-content\/uploads\/2022\/06\/1.Soft-oversize-t-shirt-olive.jpg","type":"image\/jpeg"}],"twitter_card":"summary_large_image","twitter_misc":{"Availability":"In stock"},"schema":{"@context":"https:\/\/schema.org","@graph":[{"@type":"WebPage","@id":"https:\/\/mondovitality.com\/product\/womens-soft-oversized-t-shirt\/","url":"https:\/\/mondovitality.com\/product\/womens-soft-oversized-t-shirt\/","name":"Women\u2019s Soft Oversized T-Shirt - Mondovitality","isPartOf":{"@id":"https:\/\/mondovitality.com\/#website"},"primaryImageOfPage":{"@id":"https:\/\/mondovitality.com\/product\/womens-soft-oversized-t-shirt\/#primaryimage"},"image":{"@id":"https:\/\/mondovitality.com\/product\/womens-soft-oversized-t-shirt\/#primaryimage"},"thumbnailUrl":"https:\/\/mondovitality.com\/wp-content\/uploads\/2022\/06\/1.Soft-oversize-t-shirt-olive.jpg","datePublished":"2022-06-02T15:03:44+00:00","dateModified":"2026-04-03T20:15:10+00:00","breadcrumb":{"@id":"https:\/\/mondovitality.com\/product\/womens-soft-oversized-t-shirt\/#breadcrumb"},"inLanguage":"de","potentialAction":[{"@type":"ReadAction","target":["https:\/\/mondovitality.com\/product\/womens-soft-oversized-t-shirt\/"]}]},{"@type":"ImageObject","inLanguage":"de","@id":"https:\/\/mondovitality.com\/product\/womens-soft-oversized-t-shirt\/#primaryimage","url":"https:\/\/mondovitality.com\/wp-content\/uploads\/2022\/06\/1.Soft-oversize-t-shirt-olive.jpg","contentUrl":"https:\/\/mondovitality.com\/wp-content\/uploads\/2022\/06\/1.Soft-oversize-t-shirt-olive.jpg","width":600,"height":900},{"@type":"BreadcrumbList","@id":"https:\/\/mondovitality.com\/product\/womens-soft-oversized-t-shirt\/#breadcrumb","itemListElement":[{"@type":"ListItem","position":1,"name":"Home","item":"https:\/\/mondovitality.com\/"},{"@type":"ListItem","position":2,"name":"Shop","item":"https:\/\/mondovitality.com\/shop\/"},{"@type":"ListItem","position":3,"name":"Loungewear","item":"https:\/\/mondovitality.com\/de\/category\/loungewear\/"},{"@type":"ListItem","position":4,"name":"Women\u2019s Soft Oversized T-Shirt"}]},{"@type":"WebSite","@id":"https:\/\/mondovitality.com\/#website","url":"https:\/\/mondovitality.com\/","name":"Mondovitality","description":"","potentialAction":[{"@type":"SearchAction","target":{"@type":"EntryPoint","urlTemplate":"https:\/\/mondovitality.com\/?s={search_term_string}"},"query-input":{"@type":"PropertyValueSpecification","valueRequired":true,"valueName":"search_term_string"}}],"inLanguage":"de"}]},"og_availability":"instock","product_availability":"instock","product_condition":"new"},"_links":{"self":[{"href":"https:\/\/mondovitality.com\/de\/wp-json\/wp\/v2\/product\/662","targetHints":{"allow":["GET"]}}],"collection":[{"href":"https:\/\/mondovitality.com\/de\/wp-json\/wp\/v2\/product"}],"about":[{"href":"https:\/\/mondovitality.com\/de\/wp-json\/wp\/v2\/types\/product"}],"replies":[{"embeddable":true,"href":"https:\/\/mondovitality.com\/de\/wp-json\/wp\/v2\/comments?post=662"}],"wp:featuredmedia":[{"embeddable":true,"href":"https:\/\/mondovitality.com\/de\/wp-json\/wp\/v2\/media\/680"}],"wp:attachment":[{"href":"https:\/\/mondovitality.com\/de\/wp-json\/wp\/v2\/media?parent=662"}],"wp:term":[{"taxonomy":"product_brand","embeddable":true,"href":"https:\/\/mondovitality.com\/de\/wp-json\/wp\/v2\/product_brand?post=662"},{"taxonomy":"product_cat","embeddable":true,"href":"https:\/\/mondovitality.com\/de\/wp-json\/wp\/v2\/product_cat?post=662"},{"taxonomy":"product_tag","embeddable":true,"href":"https:\/\/mondovitality.com\/de\/wp-json\/wp\/v2\/product_tag?post=662"}],"curies":[{"name":"wp","href":"https:\/\/api.w.org\/{rel}","templated":true}]}}